{"id":3780,"date":"2025-04-24T16:06:12","date_gmt":"2025-04-24T13:06:12","guid":{"rendered":"https:\/\/ionel.md\/shop\/fara-categorie\/costum-de-dama-cu-pantaloni-din-jerse-gros\/"},"modified":"2025-04-24T16:06:12","modified_gmt":"2025-04-24T13:06:12","slug":"costum-de-dama-cu-pantaloni-din-jerse-gros","status":"publish","type":"product","link":"https:\/\/ionel.md\/ro\/shop\/imbracaminte-clasica-de-dama\/costum-de-dama-cu-pantaloni-din-jerse-gros\/","title":{"rendered":"Costum de dam\u0103 cu pantaloni din jerse gros"},"content":{"rendered":"<p><strong>Compozi\u021bie:<\/strong> 65% RAYDN; 30% nylon; 5% sp<br \/>\n<strong>Culori:<\/strong> negru, albastru \u00eenchis, bordo<\/p>\n","protected":false},"excerpt":{"rendered":"<p><strong>Compozi\u021bie:<\/strong> 65% RAYDN; 30% nylon; 5% sp<br \/>\n<strong>Culori:<\/strong> negru, albastru \u00eenchis, bordo<\/p>\n<p>Libertate \u00een mi\u0219care, rafinament \u00een fiecare detaliu!<\/p>\n<p>Costumul tricotat IONEL \u00eembin\u0103 confortul unei jachete moi cu elegan\u021ba unor pantaloni drep\u021bi, confec\u021biona\u021bi dintr-un jerseu care \u00ee\u0219i men\u021bine forma \u0219i ofer\u0103 libertate total\u0103 de mi\u0219care. Croiala actual\u0103, designul simplu \u0219i textura pl\u0103cut\u0103 transform\u0103 acest set \u00eentr-o pies\u0103 versatil\u0103, ideal\u0103 pentru orice zi. <\/p>\n<p>Perfect pentru birou, plimb\u0103ri urbane sau \u00eent\u00e2lniri sofisticate. Completa\u021bi \u021binuta cu accesoriile dvs. preferate \u0219i sunte\u021bi gata s\u0103 impresiona\u021bi. <\/p>\n","protected":false},"featured_media":3779,"template":"","meta":{"_et_pb_use_builder":"","_et_pb_old_content":"","_et_gb_content_width":""},"product_brand":[],"product_cat":[43],"product_tag":[],"class_list":{"0":"post-3780","1":"product","2":"type-product","3":"status-publish","4":"has-post-thumbnail","6":"product_cat-imbracaminte-clasica-de-dama","7":"pa_-costum-de-dama-sacou-pantaloni","8":"pa_-jacheta","9":"pa_-pantaloni","11":"first","12":"instock","13":"shipping-taxable","14":"purchasable","15":"product-type-variable"},"_links":{"self":[{"href":"https:\/\/ionel.md\/ro\/wp-json\/wp\/v2\/product\/3780","targetHints":{"allow":["GET"]}}],"collection":[{"href":"https:\/\/ionel.md\/ro\/wp-json\/wp\/v2\/product"}],"about":[{"href":"https:\/\/ionel.md\/ro\/wp-json\/wp\/v2\/types\/product"}],"wp:featuredmedia":[{"embeddable":true,"href":"https:\/\/ionel.md\/ro\/wp-json\/wp\/v2\/media\/3779"}],"wp:attachment":[{"href":"https:\/\/ionel.md\/ro\/wp-json\/wp\/v2\/media?parent=3780"}],"wp:term":[{"taxonomy":"product_brand","embeddable":true,"href":"https:\/\/ionel.md\/ro\/wp-json\/wp\/v2\/product_brand?post=3780"},{"taxonomy":"product_cat","embeddable":true,"href":"https:\/\/ionel.md\/ro\/wp-json\/wp\/v2\/product_cat?post=3780"},{"taxonomy":"product_tag","embeddable":true,"href":"https:\/\/ionel.md\/ro\/wp-json\/wp\/v2\/product_tag?post=3780"}],"curies":[{"name":"wp","href":"https:\/\/api.w.org\/{rel}","templated":true}]}}