{"id":3723,"date":"2025-04-10T10:09:55","date_gmt":"2025-04-10T07:09:55","guid":{"rendered":"https:\/\/ionel.md\/shop\/fara-categorie\/costum-tricotat-cu-fusta\/"},"modified":"2025-04-10T10:09:55","modified_gmt":"2025-04-10T07:09:55","slug":"costum-tricotat-cu-fusta","status":"publish","type":"product","link":"https:\/\/ionel.md\/ro\/shop\/imbracaminte-clasica-de-dama\/costum-tricotat-cu-fusta\/","title":{"rendered":"Costum tricotat cu fust\u0103"},"content":{"rendered":"<p><strong>Culoarea:<\/strong> roz, alb, ro\u0219u<br \/>\n<strong>Compozi\u021bia:<\/strong> 65%Rayon 30%nylon 5%sp<\/p>\n<p>Jacheta \u0219i fusta midi creeaz\u0103 un aspect elegant, u\u0219or, ideal pentru sezonul prim\u0103var\u0103-var\u0103.<br \/>\n\u021aes\u0103tura cu adaos de viscoz\u0103 \u0219i elastan se potrive\u0219te u\u0219or pe silueta, nu restric\u021bioneaz\u0103 mi\u0219carea \u0219i ofer\u0103 confort pe tot parcursul zilei.<\/p>\n","protected":false},"excerpt":{"rendered":"<p><strong>Culoarea:<\/strong> roz, alb, ro\u0219u<br \/>\n<strong>Compozi\u021bia:<\/strong> 65%Rayon 30%nylon 5%sp<\/p>\n","protected":false},"featured_media":3707,"template":"","meta":{"_et_pb_use_builder":"","_et_pb_old_content":"","_et_gb_content_width":""},"product_brand":[],"product_cat":[43],"product_tag":[],"class_list":{"0":"post-3723","1":"product","2":"type-product","3":"status-publish","4":"has-post-thumbnail","6":"product_cat-imbracaminte-clasica-de-dama","7":"pa_-costum-de-dama","8":"pa_-fusta","9":"pa_-jacheta","11":"first","12":"instock","13":"shipping-taxable","14":"purchasable","15":"product-type-variable"},"_links":{"self":[{"href":"https:\/\/ionel.md\/ro\/wp-json\/wp\/v2\/product\/3723","targetHints":{"allow":["GET"]}}],"collection":[{"href":"https:\/\/ionel.md\/ro\/wp-json\/wp\/v2\/product"}],"about":[{"href":"https:\/\/ionel.md\/ro\/wp-json\/wp\/v2\/types\/product"}],"wp:featuredmedia":[{"embeddable":true,"href":"https:\/\/ionel.md\/ro\/wp-json\/wp\/v2\/media\/3707"}],"wp:attachment":[{"href":"https:\/\/ionel.md\/ro\/wp-json\/wp\/v2\/media?parent=3723"}],"wp:term":[{"taxonomy":"product_brand","embeddable":true,"href":"https:\/\/ionel.md\/ro\/wp-json\/wp\/v2\/product_brand?post=3723"},{"taxonomy":"product_cat","embeddable":true,"href":"https:\/\/ionel.md\/ro\/wp-json\/wp\/v2\/product_cat?post=3723"},{"taxonomy":"product_tag","embeddable":true,"href":"https:\/\/ionel.md\/ro\/wp-json\/wp\/v2\/product_tag?post=3723"}],"curies":[{"name":"wp","href":"https:\/\/api.w.org\/{rel}","templated":true}]}}