{"id":3696,"date":"2025-04-08T19:15:21","date_gmt":"2025-04-08T16:15:21","guid":{"rendered":"https:\/\/ionel.md\/shop\/fara-categorie\/costum-de-dama-in-tonuri-de-bej-nisip\/"},"modified":"2025-04-08T19:15:21","modified_gmt":"2025-04-08T16:15:21","slug":"costum-de-dama-in-tonuri-de-bej-nisip","status":"publish","type":"product","link":"https:\/\/ionel.md\/ro\/shop\/imbracaminte-clasica-de-dama\/costum-de-dama-in-tonuri-de-bej-nisip\/","title":{"rendered":"Costum de dam\u0103 \u00een tonuri de bej nisip"},"content":{"rendered":"<p><strong>Compozi\u021bie:<\/strong> 64% PL; 43% Viscoza; 2%EL.<\/p>\n<p>Alegerea perfect\u0103 pentru \u021binutele de zi cu zi. Cu o jachet\u0103 cu croial\u0103 dreapt\u0103 \u0219i pantaloni clasici, look-ul rezultat este simplu, rafinat \u0219i echilibrat \u2014 confortabil, dar \u00een acela\u0219i timp elegant.<\/p>\n<p>Culoarea cald\u0103 \u0219i natural\u0103 aduce un plus de prospe\u021bime \u0219i se integreaz\u0103 u\u0219or \u00een orice garderob\u0103, complet\u00e2nd perfect piesele de baz\u0103. Versatil \u0219i modern, acest costum se potrive\u0219te at\u00e2t pentru birou, c\u00e2t \u0219i pentru o plimbare relaxat\u0103 sau o \u00eent\u00e2lnire casual la cafea.<\/p>\n","protected":false},"excerpt":{"rendered":"<p><strong>Compozi\u021bie:<\/strong> 64% PL; 43% Viscoza; 2%EL.<\/p>\n","protected":false},"featured_media":3691,"template":"","meta":{"_et_pb_use_builder":"","_et_pb_old_content":"","_et_gb_content_width":""},"product_brand":[],"product_cat":[43],"product_tag":[],"class_list":{"0":"post-3696","1":"product","2":"type-product","3":"status-publish","4":"has-post-thumbnail","6":"product_cat-imbracaminte-clasica-de-dama","7":"pa_-costum-de-dama-sacou-pantaloni","8":"pa_-jacheta","9":"pa_-pantaloni","11":"first","12":"instock","13":"shipping-taxable","14":"purchasable","15":"product-type-variable"},"_links":{"self":[{"href":"https:\/\/ionel.md\/ro\/wp-json\/wp\/v2\/product\/3696","targetHints":{"allow":["GET"]}}],"collection":[{"href":"https:\/\/ionel.md\/ro\/wp-json\/wp\/v2\/product"}],"about":[{"href":"https:\/\/ionel.md\/ro\/wp-json\/wp\/v2\/types\/product"}],"wp:featuredmedia":[{"embeddable":true,"href":"https:\/\/ionel.md\/ro\/wp-json\/wp\/v2\/media\/3691"}],"wp:attachment":[{"href":"https:\/\/ionel.md\/ro\/wp-json\/wp\/v2\/media?parent=3696"}],"wp:term":[{"taxonomy":"product_brand","embeddable":true,"href":"https:\/\/ionel.md\/ro\/wp-json\/wp\/v2\/product_brand?post=3696"},{"taxonomy":"product_cat","embeddable":true,"href":"https:\/\/ionel.md\/ro\/wp-json\/wp\/v2\/product_cat?post=3696"},{"taxonomy":"product_tag","embeddable":true,"href":"https:\/\/ionel.md\/ro\/wp-json\/wp\/v2\/product_tag?post=3696"}],"curies":[{"name":"wp","href":"https:\/\/api.w.org\/{rel}","templated":true}]}}