{"id":3620,"date":"2025-04-03T15:50:26","date_gmt":"2025-04-03T12:50:26","guid":{"rendered":"https:\/\/ionel.md\/shop\/fara-categorie\/blazer-de-vant-demi-sezon-pentru-barbati-ionel\/"},"modified":"2025-04-03T15:50:26","modified_gmt":"2025-04-03T12:50:26","slug":"blazer-de-vant-demi-sezon-pentru-barbati-ionel","status":"publish","type":"product","link":"https:\/\/ionel.md\/ro\/shop\/imbracaminte-exterioara-pentru-barbati\/blazer-de-vant-demi-sezon-pentru-barbati-ionel\/","title":{"rendered":"Blazer de v\u00e2nt demi-sezon pentru b\u0103rba\u021bi IONEL"},"content":{"rendered":"<p><strong>Compozi\u021bia:<\/strong> 100% PL<\/p>\n<p>Alegerea ideal\u0103 pentru cei care apreciaz\u0103 confortul \u0219i func\u021bionalitatea. Realizat dintr-un material u\u0219or \u0219i rezistent, ofer\u0103 protec\u021bie \u00eempotriva v\u00e2ntului \u0219i vremii nefavorabile, f\u0103r\u0103 a limita libertatea de mi\u0219care datorit\u0103 croielii sale ergonomice. <\/p>\n<p>Disponibil \u00een dou\u0103 nuan\u021be elegante \u2013 bej \u0219i verde \u00eenchis \u2013 acest model se integreaz\u0103 perfect at\u00e2t \u00een \u021binutele casual, c\u00e2t \u0219i \u00een cele sportive. Un echilibru perfect \u00eentre stil, practicitate \u0219i calitate de \u00eencredere. <\/p>\n","protected":false},"excerpt":{"rendered":"<p><strong>Compozi\u021bia:<\/strong> 100% PL<\/p>\n","protected":false},"featured_media":3610,"template":"","meta":{"_et_pb_use_builder":"","_et_pb_old_content":"","_et_gb_content_width":""},"product_brand":[],"product_cat":[45],"product_tag":[],"class_list":{"0":"post-3620","1":"product","2":"type-product","3":"status-publish","4":"has-post-thumbnail","6":"product_cat-imbracaminte-exterioara-pentru-barbati","8":"first","9":"instock","10":"shipping-taxable","11":"purchasable","12":"product-type-simple"},"_links":{"self":[{"href":"https:\/\/ionel.md\/ro\/wp-json\/wp\/v2\/product\/3620","targetHints":{"allow":["GET"]}}],"collection":[{"href":"https:\/\/ionel.md\/ro\/wp-json\/wp\/v2\/product"}],"about":[{"href":"https:\/\/ionel.md\/ro\/wp-json\/wp\/v2\/types\/product"}],"wp:featuredmedia":[{"embeddable":true,"href":"https:\/\/ionel.md\/ro\/wp-json\/wp\/v2\/media\/3610"}],"wp:attachment":[{"href":"https:\/\/ionel.md\/ro\/wp-json\/wp\/v2\/media?parent=3620"}],"wp:term":[{"taxonomy":"product_brand","embeddable":true,"href":"https:\/\/ionel.md\/ro\/wp-json\/wp\/v2\/product_brand?post=3620"},{"taxonomy":"product_cat","embeddable":true,"href":"https:\/\/ionel.md\/ro\/wp-json\/wp\/v2\/product_cat?post=3620"},{"taxonomy":"product_tag","embeddable":true,"href":"https:\/\/ionel.md\/ro\/wp-json\/wp\/v2\/product_tag?post=3620"}],"curies":[{"name":"wp","href":"https:\/\/api.w.org\/{rel}","templated":true}]}}