{"id":3587,"date":"2025-04-01T10:23:55","date_gmt":"2025-04-01T07:23:55","guid":{"rendered":"https:\/\/ionel.md\/shop\/fara-categorie\/scurta-din-amestec-de-lana\/"},"modified":"2025-04-01T10:23:55","modified_gmt":"2025-04-01T07:23:55","slug":"scurta-din-amestec-de-lana","status":"publish","type":"product","link":"https:\/\/ionel.md\/ro\/shop\/imbracaminte-exterioara-pentru-barbati\/scurta-din-amestec-de-lana\/","title":{"rendered":"Scurta din amestec de l\u00e2n\u0103"},"content":{"rendered":"<p><strong>Compozi\u021bie:<\/strong> 50%WO 40%PL 10%AF<\/p>\n<p>Ofer\u0103 un echilibru perfect \u00eentre naturale\u021be \u0219i func\u021bionalitate. Materialul durabil, u\u0219or \u0219i elastic protejeaz\u0103 \u00eempotriva v\u00e2ntului, asigur\u00e2nd confort \u00een orice condi\u021bii meteorologice. <\/p>\n<p>Designul minimalist, croiala dreapt\u0103 \u0219i cele dou\u0103 nuan\u021be universale \u2013 maro \u0219i bej \u2013 fac din acest model alegerea ideal\u0103 pentru orice garderob\u0103. Se asorteaz\u0103 cu u\u0219urin\u021b\u0103 at\u00e2t cu \u021binute casual, c\u00e2t \u0219i elegante. <\/p>\n","protected":false},"excerpt":{"rendered":"<p><strong>Compozi\u021bie:<\/strong> 50%WO 40%PL 10%AF<\/p>\n","protected":false},"featured_media":3574,"template":"","meta":{"_et_pb_use_builder":"","_et_pb_old_content":"","_et_gb_content_width":""},"product_brand":[],"product_cat":[45],"product_tag":[76],"class_list":{"0":"post-3587","1":"product","2":"type-product","3":"status-publish","4":"has-post-thumbnail","6":"product_cat-imbracaminte-exterioara-pentru-barbati","7":"product_tag-ionel","9":"first","10":"instock","11":"shipping-taxable","12":"purchasable","13":"product-type-simple"},"_links":{"self":[{"href":"https:\/\/ionel.md\/ro\/wp-json\/wp\/v2\/product\/3587","targetHints":{"allow":["GET"]}}],"collection":[{"href":"https:\/\/ionel.md\/ro\/wp-json\/wp\/v2\/product"}],"about":[{"href":"https:\/\/ionel.md\/ro\/wp-json\/wp\/v2\/types\/product"}],"wp:featuredmedia":[{"embeddable":true,"href":"https:\/\/ionel.md\/ro\/wp-json\/wp\/v2\/media\/3574"}],"wp:attachment":[{"href":"https:\/\/ionel.md\/ro\/wp-json\/wp\/v2\/media?parent=3587"}],"wp:term":[{"taxonomy":"product_brand","embeddable":true,"href":"https:\/\/ionel.md\/ro\/wp-json\/wp\/v2\/product_brand?post=3587"},{"taxonomy":"product_cat","embeddable":true,"href":"https:\/\/ionel.md\/ro\/wp-json\/wp\/v2\/product_cat?post=3587"},{"taxonomy":"product_tag","embeddable":true,"href":"https:\/\/ionel.md\/ro\/wp-json\/wp\/v2\/product_tag?post=3587"}],"curies":[{"name":"wp","href":"https:\/\/api.w.org\/{rel}","templated":true}]}}