{"id":3345,"date":"2024-11-20T11:58:42","date_gmt":"2024-11-20T08:58:42","guid":{"rendered":"https:\/\/ionel.md\/?post_type=product&#038;p=3345"},"modified":"2024-11-20T11:58:42","modified_gmt":"2024-11-20T08:58:42","slug":"costum-de-dama-negru-oversize","status":"publish","type":"product","link":"https:\/\/ionel.md\/ro\/shop\/imbracaminte-clasica-de-dama\/costum-de-dama-negru-oversize\/","title":{"rendered":"Costum de dam\u0103 negru oversize"},"content":{"rendered":"<p>Un sacou lejer \u0219i pantalonii largi creeaz\u0103 un aspect de efect \u0219i modern, ideal pentru cei care apreciaz\u0103 confortul \u0219i stilul. Acest costum se va potrivi cu u\u0219urin\u021b\u0103 at\u00e2t \u00een mediul de afaceri, c\u00e2t \u0219i \u00een cel casual, ad\u0103ug\u00e2nd o not\u0103 de elegan\u021b\u0103 \u0219i \u00eencredere fiec\u0103rui pas.<\/p>\n","protected":false},"excerpt":{"rendered":"<p>Un sacou lejer \u0219i pantalonii largi creeaz\u0103 un aspect de efect \u0219i modern, ideal pentru cei care apreciaz\u0103 confortul \u0219i stilul. Acest costum se va potrivi cu u\u0219urin\u021b\u0103 at\u00e2t \u00een mediul de afaceri, c\u00e2t \u0219i \u00een cel casual, ad\u0103ug\u00e2nd o not\u0103 de elegan\u021b\u0103 \u0219i \u00eencredere fiec\u0103rui pas.<\/p>\n","protected":false},"featured_media":3346,"template":"","meta":{"_et_pb_use_builder":"","_et_pb_old_content":"","_et_gb_content_width":""},"product_brand":[],"product_cat":[43],"product_tag":[76],"class_list":{"0":"post-3345","1":"product","2":"type-product","3":"status-publish","4":"has-post-thumbnail","6":"product_cat-imbracaminte-clasica-de-dama","7":"product_tag-ionel","9":"first","10":"instock","11":"shipping-taxable","12":"purchasable","13":"product-type-simple"},"_links":{"self":[{"href":"https:\/\/ionel.md\/ro\/wp-json\/wp\/v2\/product\/3345","targetHints":{"allow":["GET"]}}],"collection":[{"href":"https:\/\/ionel.md\/ro\/wp-json\/wp\/v2\/product"}],"about":[{"href":"https:\/\/ionel.md\/ro\/wp-json\/wp\/v2\/types\/product"}],"wp:featuredmedia":[{"embeddable":true,"href":"https:\/\/ionel.md\/ro\/wp-json\/wp\/v2\/media\/3346"}],"wp:attachment":[{"href":"https:\/\/ionel.md\/ro\/wp-json\/wp\/v2\/media?parent=3345"}],"wp:term":[{"taxonomy":"product_brand","embeddable":true,"href":"https:\/\/ionel.md\/ro\/wp-json\/wp\/v2\/product_brand?post=3345"},{"taxonomy":"product_cat","embeddable":true,"href":"https:\/\/ionel.md\/ro\/wp-json\/wp\/v2\/product_cat?post=3345"},{"taxonomy":"product_tag","embeddable":true,"href":"https:\/\/ionel.md\/ro\/wp-json\/wp\/v2\/product_tag?post=3345"}],"curies":[{"name":"wp","href":"https:\/\/api.w.org\/{rel}","templated":true}]}}