{"id":3134,"date":"2024-06-19T13:17:18","date_gmt":"2024-06-19T10:17:18","guid":{"rendered":"https:\/\/ionel.md\/shop\/fara-categorie\/sacou-clasic-pentru-baieti\/"},"modified":"2024-06-19T13:17:18","modified_gmt":"2024-06-19T10:17:18","slug":"sacou-clasic-pentru-baieti","status":"publish","type":"product","link":"https:\/\/ionel.md\/ro\/shop\/imbracaminte-clasica-pentru-copii\/sacou-clasic-pentru-baieti\/","title":{"rendered":"Sacou clasic pentru b\u0103ie\u021bi"},"content":{"rendered":"<p>Acest sacou este perfect pentru evenimente \u0219colare, ocazii speciale \u0219i \u021binute de zi cu zi. \u021aes\u0103turile de \u00eenalt\u0103 calitate ofer\u0103 confort \u0219i durabilitate, \u00een timp ce o croial\u0103 clasic\u0103 confer\u0103 elegan\u021b\u0103 \u0219i un stil sofisticat \u021binutei.<\/p>\n<p><strong>Compozi\u021bie:<\/strong> 45% l\u00e2n\u0103, 55% PL<br \/>\n<strong>M\u0103rimi:<\/strong> 30 &#8211; 40<br \/>\n<strong>Culoarea:<\/strong> verde \u00eenchis \u0219i albastru \u00eenchis<\/p>\n","protected":false},"excerpt":{"rendered":"<p><strong>Compozi\u021bie:<\/strong> 45% l\u00e2n\u0103, 55% PL<br \/>\n<strong>M\u0103rimi:<\/strong> 30 &#8211; 40<br \/>\n<strong>Culoarea:<\/strong> verde \u00eenchis \u0219i albastru \u00eenchis<\/p>\n","protected":false},"featured_media":3131,"template":"","meta":{"_et_pb_use_builder":"on","_et_pb_old_content":"","_et_gb_content_width":""},"product_brand":[],"product_cat":[71],"product_tag":[],"class_list":{"0":"post-3134","1":"product","2":"type-product","3":"status-publish","4":"has-post-thumbnail","6":"product_cat-imbracaminte-clasica-pentru-copii","8":"first","9":"instock","10":"shipping-taxable","11":"purchasable","12":"product-type-variable"},"_links":{"self":[{"href":"https:\/\/ionel.md\/ro\/wp-json\/wp\/v2\/product\/3134","targetHints":{"allow":["GET"]}}],"collection":[{"href":"https:\/\/ionel.md\/ro\/wp-json\/wp\/v2\/product"}],"about":[{"href":"https:\/\/ionel.md\/ro\/wp-json\/wp\/v2\/types\/product"}],"wp:featuredmedia":[{"embeddable":true,"href":"https:\/\/ionel.md\/ro\/wp-json\/wp\/v2\/media\/3131"}],"wp:attachment":[{"href":"https:\/\/ionel.md\/ro\/wp-json\/wp\/v2\/media?parent=3134"}],"wp:term":[{"taxonomy":"product_brand","embeddable":true,"href":"https:\/\/ionel.md\/ro\/wp-json\/wp\/v2\/product_brand?post=3134"},{"taxonomy":"product_cat","embeddable":true,"href":"https:\/\/ionel.md\/ro\/wp-json\/wp\/v2\/product_cat?post=3134"},{"taxonomy":"product_tag","embeddable":true,"href":"https:\/\/ionel.md\/ro\/wp-json\/wp\/v2\/product_tag?post=3134"}],"curies":[{"name":"wp","href":"https:\/\/api.w.org\/{rel}","templated":true}]}}