{"id":3109,"date":"2024-06-15T00:27:09","date_gmt":"2024-06-14T21:27:09","guid":{"rendered":"https:\/\/ionel.md\/shop\/fara-categorie\/sacou-pentru-barbati-din-in-si-bumbac\/"},"modified":"2025-01-10T17:27:02","modified_gmt":"2025-01-10T14:27:02","slug":"sacou-barbatesc-din-in-si-bumbac","status":"publish","type":"product","link":"https:\/\/ionel.md\/ro\/shop\/imbracaminte-clasica-pentru-barbati\/sacou-barbatesc-din-in-si-bumbac\/","title":{"rendered":"Sacou b\u0103rb\u0103tesc din in \u0219i bumbac"},"content":{"rendered":"<p>Acest sacou este alegerea ideal\u0103 pentru b\u0103rba\u021bii stila\u021bi care apreciaz\u0103 confortul \u0219i elegan\u021ba. Croiala clasic\u0103 v\u0103 confer\u0103 \u00eencredere \u0219i adaug\u0103 o not\u0103 de rafinament oric\u0103rui look. Combina\u021bia de in \u0219i bumbac ofer\u0103 o senza\u021bie de neegalat de lejeritate \u0219i prospe\u021bime, permi\u021b\u00e2nd pielii dvs. s\u0103 respire chiar \u0219i \u00een cele mai calde zile.<\/p>\n<p><strong>Compozi\u021bie:<\/strong> 60% in 40% bumbac<br \/>\n<strong> M\u0103rimi:<\/strong> 46 &#8211; 60<\/p>\n","protected":false},"excerpt":{"rendered":"<p><strong>Compozi\u021bie:<\/strong> 60% in 40% bumbac<br \/>\n<strong> M\u0103rimi:<\/strong> 46 &#8211; 60<\/p>\n","protected":false},"featured_media":3106,"template":"","meta":{"_et_pb_use_builder":"","_et_pb_old_content":"","_et_gb_content_width":""},"product_brand":[],"product_cat":[46],"product_tag":[],"class_list":{"0":"post-3109","1":"product","2":"type-product","3":"status-publish","4":"has-post-thumbnail","6":"product_cat-imbracaminte-clasica-pentru-barbati","8":"first","9":"instock","10":"shipping-taxable","11":"purchasable","12":"product-type-simple"},"_links":{"self":[{"href":"https:\/\/ionel.md\/ro\/wp-json\/wp\/v2\/product\/3109","targetHints":{"allow":["GET"]}}],"collection":[{"href":"https:\/\/ionel.md\/ro\/wp-json\/wp\/v2\/product"}],"about":[{"href":"https:\/\/ionel.md\/ro\/wp-json\/wp\/v2\/types\/product"}],"wp:featuredmedia":[{"embeddable":true,"href":"https:\/\/ionel.md\/ro\/wp-json\/wp\/v2\/media\/3106"}],"wp:attachment":[{"href":"https:\/\/ionel.md\/ro\/wp-json\/wp\/v2\/media?parent=3109"}],"wp:term":[{"taxonomy":"product_brand","embeddable":true,"href":"https:\/\/ionel.md\/ro\/wp-json\/wp\/v2\/product_brand?post=3109"},{"taxonomy":"product_cat","embeddable":true,"href":"https:\/\/ionel.md\/ro\/wp-json\/wp\/v2\/product_cat?post=3109"},{"taxonomy":"product_tag","embeddable":true,"href":"https:\/\/ionel.md\/ro\/wp-json\/wp\/v2\/product_tag?post=3109"}],"curies":[{"name":"wp","href":"https:\/\/api.w.org\/{rel}","templated":true}]}}