{"id":2995,"date":"2024-06-13T17:25:56","date_gmt":"2024-06-13T14:25:56","guid":{"rendered":"https:\/\/ionel.md\/shop\/fara-categorie\/sacou-de-in-pentru-barbati\/"},"modified":"2024-06-13T17:25:56","modified_gmt":"2024-06-13T14:25:56","slug":"sacou-de-in-pentru-barbati","status":"publish","type":"product","link":"https:\/\/ionel.md\/ro\/shop\/imbracaminte-clasica-pentru-barbati\/sacou-de-in-pentru-barbati\/","title":{"rendered":"Sacou de in pentru b\u0103rba\u021bi"},"content":{"rendered":"<p><strong>Compozi\u021bie:<\/strong> 50% PA, 38% In, 12% Viscoza<\/p>\n<p>Sacoul de in pentru b\u0103rba\u021bi este alegerea ideal\u0103 pentru sezonul cald. Acesta este un articol de garderob\u0103 versatil care poate fi combinat cu u\u0219urin\u021b\u0103 cu c\u0103m\u0103\u0219i, tricouri \u0219i pantaloni, cre\u00e2nd look-uri stilate pentru birou, plimb\u0103ri de sear\u0103 sau \u00eent\u00e2lniri neoficiale.<\/p>\n","protected":false},"excerpt":{"rendered":"<p><strong>Compozi\u021bie:<\/strong> 50% PA, 38% In, 12% Viscoza<\/p>\n","protected":false},"featured_media":2992,"template":"","meta":{"_et_pb_use_builder":"","_et_pb_old_content":"","_et_gb_content_width":""},"product_brand":[],"product_cat":[46],"product_tag":[],"class_list":{"0":"post-2995","1":"product","2":"type-product","3":"status-publish","4":"has-post-thumbnail","6":"product_cat-imbracaminte-clasica-pentru-barbati","8":"first","9":"instock","10":"shipping-taxable","11":"purchasable","12":"product-type-simple"},"_links":{"self":[{"href":"https:\/\/ionel.md\/ro\/wp-json\/wp\/v2\/product\/2995","targetHints":{"allow":["GET"]}}],"collection":[{"href":"https:\/\/ionel.md\/ro\/wp-json\/wp\/v2\/product"}],"about":[{"href":"https:\/\/ionel.md\/ro\/wp-json\/wp\/v2\/types\/product"}],"wp:featuredmedia":[{"embeddable":true,"href":"https:\/\/ionel.md\/ro\/wp-json\/wp\/v2\/media\/2992"}],"wp:attachment":[{"href":"https:\/\/ionel.md\/ro\/wp-json\/wp\/v2\/media?parent=2995"}],"wp:term":[{"taxonomy":"product_brand","embeddable":true,"href":"https:\/\/ionel.md\/ro\/wp-json\/wp\/v2\/product_brand?post=2995"},{"taxonomy":"product_cat","embeddable":true,"href":"https:\/\/ionel.md\/ro\/wp-json\/wp\/v2\/product_cat?post=2995"},{"taxonomy":"product_tag","embeddable":true,"href":"https:\/\/ionel.md\/ro\/wp-json\/wp\/v2\/product_tag?post=2995"}],"curies":[{"name":"wp","href":"https:\/\/api.w.org\/{rel}","templated":true}]}}