{"id":2743,"date":"2024-04-08T13:41:59","date_gmt":"2024-04-08T10:41:59","guid":{"rendered":"https:\/\/ionel.md\/shop\/fara-categorie\/rochie-de-dama-alba-naturala\/"},"modified":"2024-04-08T13:41:59","modified_gmt":"2024-04-08T10:41:59","slug":"rochie-de-dama-alba-naturala","status":"publish","type":"product","link":"https:\/\/ionel.md\/ro\/shop\/imbracaminte-clasica-de-dama\/rochie-de-dama-alba-naturala\/","title":{"rendered":"Rochie de dam\u0103 alb\u0103 natural\u0103"},"content":{"rendered":"<p><strong>Compozi\u021bie:<\/strong> 75% bumbac, 25% in<br \/>\n<strong>M\u0103rime:<\/strong> 42, 44, 46, 48, 50, 52<\/p>\n","protected":false},"excerpt":{"rendered":"<p><strong>Compozi\u021bie:<\/strong> 75% bumbac, 25% in<br \/>\n<strong>M\u0103rime:<\/strong> 42, 44, 46, 48, 50, 52<\/p>\n","protected":false},"featured_media":2738,"template":"","meta":{"_et_pb_use_builder":"","_et_pb_old_content":"","_et_gb_content_width":""},"product_brand":[],"product_cat":[43],"product_tag":[],"class_list":{"0":"post-2743","1":"product","2":"type-product","3":"status-publish","4":"has-post-thumbnail","6":"product_cat-imbracaminte-clasica-de-dama","8":"first","9":"instock","10":"shipping-taxable","11":"purchasable","12":"product-type-simple"},"_links":{"self":[{"href":"https:\/\/ionel.md\/ro\/wp-json\/wp\/v2\/product\/2743","targetHints":{"allow":["GET"]}}],"collection":[{"href":"https:\/\/ionel.md\/ro\/wp-json\/wp\/v2\/product"}],"about":[{"href":"https:\/\/ionel.md\/ro\/wp-json\/wp\/v2\/types\/product"}],"wp:featuredmedia":[{"embeddable":true,"href":"https:\/\/ionel.md\/ro\/wp-json\/wp\/v2\/media\/2738"}],"wp:attachment":[{"href":"https:\/\/ionel.md\/ro\/wp-json\/wp\/v2\/media?parent=2743"}],"wp:term":[{"taxonomy":"product_brand","embeddable":true,"href":"https:\/\/ionel.md\/ro\/wp-json\/wp\/v2\/product_brand?post=2743"},{"taxonomy":"product_cat","embeddable":true,"href":"https:\/\/ionel.md\/ro\/wp-json\/wp\/v2\/product_cat?post=2743"},{"taxonomy":"product_tag","embeddable":true,"href":"https:\/\/ionel.md\/ro\/wp-json\/wp\/v2\/product_tag?post=2743"}],"curies":[{"name":"wp","href":"https:\/\/api.w.org\/{rel}","templated":true}]}}