{"id":2697,"date":"2024-04-03T20:28:07","date_gmt":"2024-04-03T17:28:07","guid":{"rendered":"https:\/\/ionel.md\/shop\/fara-categorie\/palton-pentru-barbati-albastru-inchis-cu-centura\/"},"modified":"2025-01-10T11:02:28","modified_gmt":"2025-01-10T08:02:28","slug":"palton-pentru-barbati-albastru-inchis-cu-centura","status":"publish","type":"product","link":"https:\/\/ionel.md\/ro\/shop\/imbracaminte-exterioara-pentru-barbati\/palton-pentru-barbati-albastru-inchis-cu-centura\/","title":{"rendered":"Palton b\u0103rb\u0103tesc albastru \u00eenchis cu centur\u0103"},"content":{"rendered":"<p><strong>Compozi\u021bia:<\/strong> 80% l\u00e2n\u0103, 20% PA<\/p>\n","protected":false},"excerpt":{"rendered":"<p><strong>Compozi\u021bia:<\/strong> 80% l\u00e2n\u0103, 20% PA<\/p>\n","protected":false},"featured_media":2692,"template":"","meta":{"_et_pb_use_builder":"","_et_pb_old_content":"","_et_gb_content_width":""},"product_brand":[],"product_cat":[45],"product_tag":[],"class_list":{"0":"post-2697","1":"product","2":"type-product","3":"status-publish","4":"has-post-thumbnail","6":"product_cat-imbracaminte-exterioara-pentru-barbati","8":"first","9":"instock","10":"shipping-taxable","11":"purchasable","12":"product-type-simple"},"_links":{"self":[{"href":"https:\/\/ionel.md\/ro\/wp-json\/wp\/v2\/product\/2697","targetHints":{"allow":["GET"]}}],"collection":[{"href":"https:\/\/ionel.md\/ro\/wp-json\/wp\/v2\/product"}],"about":[{"href":"https:\/\/ionel.md\/ro\/wp-json\/wp\/v2\/types\/product"}],"wp:featuredmedia":[{"embeddable":true,"href":"https:\/\/ionel.md\/ro\/wp-json\/wp\/v2\/media\/2692"}],"wp:attachment":[{"href":"https:\/\/ionel.md\/ro\/wp-json\/wp\/v2\/media?parent=2697"}],"wp:term":[{"taxonomy":"product_brand","embeddable":true,"href":"https:\/\/ionel.md\/ro\/wp-json\/wp\/v2\/product_brand?post=2697"},{"taxonomy":"product_cat","embeddable":true,"href":"https:\/\/ionel.md\/ro\/wp-json\/wp\/v2\/product_cat?post=2697"},{"taxonomy":"product_tag","embeddable":true,"href":"https:\/\/ionel.md\/ro\/wp-json\/wp\/v2\/product_tag?post=2697"}],"curies":[{"name":"wp","href":"https:\/\/api.w.org\/{rel}","templated":true}]}}