{"id":1410,"date":"2022-03-15T16:46:42","date_gmt":"2022-03-15T13:46:42","guid":{"rendered":"https:\/\/ionel.md\/shop\/fara-categorie\/palton-pentru-barbati-gri-inchis\/"},"modified":"2025-01-10T11:08:42","modified_gmt":"2025-01-10T08:08:42","slug":"palton-barbatesc-gri-inchis","status":"publish","type":"product","link":"https:\/\/ionel.md\/ro\/shop\/imbracaminte-exterioara-pentru-barbati\/palton-barbatesc-gri-inchis\/","title":{"rendered":"Palton b\u0103rb\u0103tesc gri \u00eenchis"},"content":{"rendered":"<p>[et_pb_section fb_built=&#8221;1&#8243; _builder_version=&#8221;4.16&#8243; _module_preset=&#8221;default&#8221; custom_padding=&#8221;38px|||||&#8221; global_colors_info=&#8221;{}&#8221;][et_pb_row column_structure=&#8221;1_2,1_2&#8243; _builder_version=&#8221;4.16&#8243; _module_preset=&#8221;default&#8221; width=&#8221;90%&#8221; max_width=&#8221;1294px&#8221; global_colors_info=&#8221;{}&#8221;][et_pb_column type=&#8221;1_2&#8243; _builder_version=&#8221;4.16&#8243; _module_preset=&#8221;default&#8221; global_colors_info=&#8221;{}&#8221;][et_pb_wc_images _builder_version=&#8221;4.16&#8243; _module_preset=&#8221;default&#8221; custom_padding=&#8221;||7px|100px|false|false&#8221; custom_padding_tablet=&#8221;||7px|100px|false|false&#8221; custom_padding_phone=&#8221;||7px|0px|false|false&#8221; custom_padding_last_edited=&#8221;on|phone&#8221; global_colors_info=&#8221;{}&#8221;][\/et_pb_wc_images][\/et_pb_column][et_pb_column type=&#8221;1_2&#8243; _builder_version=&#8221;4.16&#8243; _module_preset=&#8221;default&#8221; global_colors_info=&#8221;{}&#8221;][et_pb_wc_title _builder_version=&#8221;4.16&#8243; _module_preset=&#8221;default&#8221; header_font=&#8221;Adamina||||||||&#8221; header_text_color=&#8221;#000000&#8243; header_font_size=&#8221;43px&#8221; global_colors_info=&#8221;{}&#8221;][\/et_pb_wc_title][et_pb_wc_price _builder_version=&#8221;4.16&#8243; _module_preset=&#8221;default&#8221; body_font=&#8221;Adamina||||||||&#8221; body_text_color=&#8221;rgba(0,0,0,0.69)&#8221; body_font_size=&#8221;29px&#8221; global_colors_info=&#8221;{}&#8221;][\/et_pb_wc_price][et_pb_wc_add_to_cart field_label_position=&#8221;inline&#8221; _builder_version=&#8221;4.16&#8243; _module_preset=&#8221;default&#8221; fields_background_color=&#8221;#FFFFFF&#8221; fields_text_color=&#8221;#000000&#8243; fields_focus_background_color=&#8221;#FFFFFF&#8221; fields_focus_text_color=&#8221;#000000&#8243; field_label_font=&#8221;Adamina|700|||||||&#8221; field_label_text_color=&#8221;#000000&#8243; fields_font=&#8221;Adamina||||||||&#8221; fields_text_align=&#8221;center&#8221; fields_font_size=&#8221;21px&#8221; custom_button=&#8221;on&#8221; button_text_size=&#8221;23px&#8221; button_text_color=&#8221;#000000&#8243; button_bg_color=&#8221;#FFFFFF&#8221; button_border_radius=&#8221;5px&#8221; button_font=&#8221;Adamina||||||||&#8221; button_icon=&#8221;&#x4e;||divi||400&#8243; button_icon_color=&#8221;#000000&#8243; border_radii_fields=&#8221;on|0px|0px|0px|0px&#8221; border_width_bottom_fields=&#8221;1px&#8221; border_color_bottom_fields=&#8221;#000000&#8243; global_colors_info=&#8221;{}&#8221;][\/et_pb_wc_add_to_cart][et_pb_wc_tabs active_tab_background_color=&#8221;#FFFFFF&#8221; inactive_tab_background_color=&#8221;#ffffff&#8221; active_tab_text_color=&#8221;#000000&#8243; _builder_version=&#8221;4.16&#8243; _module_preset=&#8221;default&#8221; tab_text_color=&#8221;rgba(0,0,0,0.68)&#8221; body_font=&#8221;Adamina||||||||&#8221; body_text_color=&#8221;rgba(0,0,0,0.79)&#8221; body_font_size=&#8221;15px&#8221; tab_font=&#8221;Adamina||||||||&#8221; tab_font_size=&#8221;16px&#8221; border_radii=&#8221;on|22px|22px|22px|22px&#8221; border_color_all=&#8221;rgba(96,96,96,0.25)&#8221; global_colors_info=&#8221;{}&#8221;][\/et_pb_wc_tabs][et_pb_wc_additional_info product=&#8221;588&#8243; show_title=&#8221;off&#8221; _builder_version=&#8221;4.16&#8243; _module_preset=&#8221;default&#8221; body_font=&#8221;Adamina||on||||||&#8221; body_text_color=&#8221;#000000&#8243; body_font_size=&#8221;16px&#8221; header_font=&#8221;Adamina||||||||&#8221; global_colors_info=&#8221;{}&#8221;][\/et_pb_wc_additional_info][\/et_pb_column][\/et_pb_row][et_pb_row _builder_version=&#8221;4.16&#8243; _module_preset=&#8221;default&#8221; global_colors_info=&#8221;{}&#8221;][et_pb_column type=&#8221;4_4&#8243; _builder_version=&#8221;4.16&#8243; _module_preset=&#8221;default&#8221; global_colors_info=&#8221;{}&#8221;][et_pb_wc_related_products product=&#8221;576&#8243; include_categories=&#8221;current&#8221; _builder_version=&#8221;4.16&#8243; _module_preset=&#8221;default&#8221; title_font=&#8221;Adamina||||||||&#8221; title_text_align=&#8221;center&#8221; title_text_color=&#8221;#000000&#8243; title_font_size=&#8221;38px&#8221; title_line_height=&#8221;2.1em&#8221; product_title_font=&#8221;Adamina||||||||&#8221; product_title_text_color=&#8221;#000000&#8243; price_font=&#8221;Adamina||||||||&#8221; price_font_size=&#8221;15px&#8221; global_colors_info=&#8221;{}&#8221;][\/et_pb_wc_related_products][\/et_pb_column][\/et_pb_row][\/et_pb_section][et_pb_section fb_built=&#8221;1&#8243; _builder_version=&#8221;4.16&#8243; _module_preset=&#8221;default&#8221; width=&#8221;100%&#8221; max_width=&#8221;100%&#8221; custom_margin=&#8221;-13px|||||&#8221; custom_padding=&#8221;8px||7px|||&#8221; global_colors_info=&#8221;{}&#8221;][et_pb_row _builder_version=&#8221;4.16&#8243; _module_preset=&#8221;default&#8221; custom_padding=&#8221;3px|||||&#8221; global_colors_info=&#8221;{}&#8221;][et_pb_column type=&#8221;4_4&#8243; _builder_version=&#8221;4.16&#8243; _module_preset=&#8221;default&#8221; global_colors_info=&#8221;{}&#8221;][et_pb_wc_cart_notice _builder_version=&#8221;4.16&#8243; _module_preset=&#8221;default&#8221; title_font=&#8221;||||||||&#8221; title_text_color=&#8221;#000000&#8243; title_font_size=&#8221;17px&#8221; error_text_color=&#8221;#000000&#8243; background_color=&#8221;#FFFFFF&#8221; custom_button=&#8221;on&#8221; button_text_color=&#8221;#FFFFFF&#8221; button_bg_color=&#8221;#000000&#8243; button_border_color=&#8221;#000000&#8243; button_border_radius=&#8221;5px&#8221; button_icon_color=&#8221;#FFFFFF&#8221; button_custom_margin=&#8221;-7px||||false|false&#8221; custom_margin=&#8221;0em|0em|0em|0em|false|false&#8221; custom_padding=&#8221;21px|15px|15px|15px|false|false&#8221; border_radii=&#8221;on|8px|8px|8px|8px&#8221; border_width_all=&#8221;1px&#8221; border_color_all=&#8221;#000000&#8243; border_style_all=&#8221;dashed&#8221; global_colors_info=&#8221;{}&#8221;][\/et_pb_wc_cart_notice][\/et_pb_column][\/et_pb_row][\/et_pb_section]<\/p>\n","protected":false},"excerpt":{"rendered":"","protected":false},"featured_media":1248,"template":"","meta":{"_et_pb_use_builder":"on","_et_pb_old_content":"Compozi\u021bia \u021bes\u0103turii:\r\n100% WV\r\n\r\nM\u0103rimile:\r\n\r\n176-92-74\r\n\r\n176-96-78\r\n\r\n176-100-82\r\n\r\n176-104-86\r\n\r\n176-108--90\r\n\r\n176-112-94\r\n\r\n176-116-98\r\n\r\n176-120-102\r\n\r\nCuloarea gri","_et_gb_content_width":""},"product_brand":[],"product_cat":[45],"product_tag":[],"class_list":{"0":"post-1410","1":"product","2":"type-product","3":"status-publish","4":"has-post-thumbnail","6":"product_cat-imbracaminte-exterioara-pentru-barbati","8":"first","9":"instock","10":"shipping-taxable","11":"purchasable","12":"product-type-simple"},"_links":{"self":[{"href":"https:\/\/ionel.md\/ro\/wp-json\/wp\/v2\/product\/1410","targetHints":{"allow":["GET"]}}],"collection":[{"href":"https:\/\/ionel.md\/ro\/wp-json\/wp\/v2\/product"}],"about":[{"href":"https:\/\/ionel.md\/ro\/wp-json\/wp\/v2\/types\/product"}],"wp:featuredmedia":[{"embeddable":true,"href":"https:\/\/ionel.md\/ro\/wp-json\/wp\/v2\/media\/1248"}],"wp:attachment":[{"href":"https:\/\/ionel.md\/ro\/wp-json\/wp\/v2\/media?parent=1410"}],"wp:term":[{"taxonomy":"product_brand","embeddable":true,"href":"https:\/\/ionel.md\/ro\/wp-json\/wp\/v2\/product_brand?post=1410"},{"taxonomy":"product_cat","embeddable":true,"href":"https:\/\/ionel.md\/ro\/wp-json\/wp\/v2\/product_cat?post=1410"},{"taxonomy":"product_tag","embeddable":true,"href":"https:\/\/ionel.md\/ro\/wp-json\/wp\/v2\/product_tag?post=1410"}],"curies":[{"name":"wp","href":"https:\/\/api.w.org\/{rel}","templated":true}]}}