{"id":1606,"date":"2022-06-10T12:21:33","date_gmt":"2022-06-10T09:21:33","guid":{"rendered":"https:\/\/ionel.md\/magazin\/%d0%bc%d0%b5%d0%b4%d0%b8%d1%86%d0%b8%d0%bd%d1%81%d0%ba%d0%b0%d1%8f-%d0%be%d0%b4%d0%b5%d0%b6%d0%b4%d0%b0\/"},"modified":"2022-06-13T16:29:00","modified_gmt":"2022-06-13T13:29:00","slug":"imbracaminte-medicala","status":"publish","type":"page","link":"https:\/\/ionel.md\/ro\/magazin\/imbracaminte-medicala\/","title":{"rendered":"\u00cembr\u0103c\u0103minte medical\u0103"},"content":{"rendered":"\n[et_pb_section fb_built=&#8221;1&#8243; _builder_version=&#8221;4.17.4&#8243; _module_preset=&#8221;default&#8221; global_colors_info=&#8221;{}&#8221;][et_pb_row _builder_version=&#8221;4.17.4&#8243; _module_preset=&#8221;default&#8221; global_colors_info=&#8221;{}&#8221;][et_pb_column type=&#8221;4_4&#8243; _builder_version=&#8221;4.17.4&#8243; _module_preset=&#8221;default&#8221; global_colors_info=&#8221;{}&#8221;][et_pb_text _builder_version=&#8221;4.17.4&#8243; _module_preset=&#8221;default&#8221; background_color=&#8221;#FFFFFF&#8221; global_colors_info=&#8221;{}&#8221;]<header class=\"woocommerce-products-header\">\n<h1 class=\"woocommerce-products-header__title page-title\" style=\"text-align: center;\"><strong>\u00cembr\u0103c\u0103minte medical\u0103<\/strong><\/h1>\n<\/header>\n<div class=\"woocommerce-notices-wrapper\" style=\"text-align: center;\"><\/div>[\/et_pb_text][\/et_pb_column][\/et_pb_row][\/et_pb_section][et_pb_section fb_built=&#8221;1&#8243; _builder_version=&#8221;4.16&#8243; _module_preset=&#8221;default&#8221; global_colors_info=&#8221;{}&#8221;][et_pb_row _builder_version=&#8221;4.16&#8243; _module_preset=&#8221;default&#8221; global_colors_info=&#8221;{}&#8221;][et_pb_column type=&#8221;4_4&#8243; _builder_version=&#8221;4.16&#8243; _module_preset=&#8221;default&#8221; global_colors_info=&#8221;{}&#8221;][et_pb_shop type=&#8221;product_category&#8221; posts_number=&#8221;200&#8243; include_categories=&#8221;23&#8243; sale_badge_color=&#8221;#E02B20&#8243; show_rating=&#8221;off&#8221; _builder_version=&#8221;4.17.4&#8243; _module_preset=&#8221;default&#8221; title_font_size=&#8221;17px&#8221; price_font=&#8221;|600|||||||&#8221; price_font_size=&#8221;17px&#8221; sale_price_text_color=&#8221;#E02B20&#8243; sale_price_font_size=&#8221;18px&#8221; border_radii_image=&#8221;on|12px|12px|12px|12px&#8221; global_colors_info=&#8221;{}&#8221;][\/et_pb_shop][\/et_pb_column][\/et_pb_row][\/et_pb_section]\n","protected":false},"excerpt":{"rendered":"<p>\u00cembr\u0103c\u0103minte medical\u0103<\/p>\n","protected":false},"author":1,"featured_media":0,"parent":916,"menu_order":0,"comment_status":"closed","ping_status":"closed","template":"","meta":{"_et_pb_use_builder":"on","_et_pb_old_content":"","_et_gb_content_width":"","footnotes":""},"class_list":["post-1606","page","type-page","status-publish","hentry"],"_links":{"self":[{"href":"https:\/\/ionel.md\/ro\/wp-json\/wp\/v2\/pages\/1606","targetHints":{"allow":["GET"]}}],"collection":[{"href":"https:\/\/ionel.md\/ro\/wp-json\/wp\/v2\/pages"}],"about":[{"href":"https:\/\/ionel.md\/ro\/wp-json\/wp\/v2\/types\/page"}],"author":[{"embeddable":true,"href":"https:\/\/ionel.md\/ro\/wp-json\/wp\/v2\/users\/1"}],"replies":[{"embeddable":true,"href":"https:\/\/ionel.md\/ro\/wp-json\/wp\/v2\/comments?post=1606"}],"version-history":[{"count":7,"href":"https:\/\/ionel.md\/ro\/wp-json\/wp\/v2\/pages\/1606\/revisions"}],"predecessor-version":[{"id":1641,"href":"https:\/\/ionel.md\/ro\/wp-json\/wp\/v2\/pages\/1606\/revisions\/1641"}],"up":[{"embeddable":true,"href":"https:\/\/ionel.md\/ro\/wp-json\/wp\/v2\/pages\/916"}],"wp:attachment":[{"href":"https:\/\/ionel.md\/ro\/wp-json\/wp\/v2\/media?parent=1606"}],"curies":[{"name":"wp","href":"https:\/\/api.w.org\/{rel}","templated":true}]}}