{"id":1374,"date":"2022-03-13T19:05:44","date_gmt":"2022-03-13T16:05:44","guid":{"rendered":"https:\/\/ionel.md\/%d0%bc%d0%b0%d0%b3%d0%b0%d0%b7%d0%b8%d0%bd\/imbracaminte-clasica-pentru-barbati\/"},"modified":"2024-04-01T04:18:20","modified_gmt":"2024-04-01T01:18:20","slug":"imbracaminte-clasica-pentru-barbati","status":"publish","type":"page","link":"https:\/\/ionel.md\/ro\/magazin\/imbracaminte-clasica-pentru-barbati\/","title":{"rendered":"\u00cembr\u0103c\u0103minte clasic\u0103 pentru b\u0103rba\u021bi"},"content":{"rendered":"<p>[et_pb_section fb_built=&#8221;1&#8243; fullwidth=&#8221;on&#8221; _builder_version=&#8221;4.16&#8243; _module_preset=&#8221;default&#8221; parallax=&#8221;on&#8221; custom_padding=&#8221;0px|||||&#8221; global_colors_info=&#8221;{}&#8221;][et_pb_fullwidth_slider _builder_version=&#8221;4.16&#8243; _module_preset=&#8221;default&#8221; background_enable_image=&#8221;off&#8221; min_height=&#8221;526.5px&#8221; custom_margin=&#8221;||2px|||&#8221; custom_padding=&#8221;7px||90px|||&#8221; global_colors_info=&#8221;{}&#8221;][et_pb_slide heading=&#8221;\u00cembr\u0103c\u0103minte clasic\u0103 pentru b\u0103rba\u021bi&#8221; use_bg_overlay=&#8221;on&#8221; _builder_version=&#8221;4.16&#8243; _module_preset=&#8221;default&#8221; background_image=&#8221;http:\/\/ionel.md\/wp-content\/uploads\/2022\/03\/Ionel3.jpg&#8221; background_enable_image=&#8221;on&#8221; global_colors_info=&#8221;{}&#8221; sticky_transition=&#8221;on&#8221;][\/et_pb_slide][\/et_pb_fullwidth_slider][\/et_pb_section][et_pb_section fb_built=&#8221;1&#8243; _builder_version=&#8221;4.16&#8243; _module_preset=&#8221;default&#8221; global_colors_info=&#8221;{}&#8221;][et_pb_row _builder_version=&#8221;4.16&#8243; _module_preset=&#8221;default&#8221; global_colors_info=&#8221;{}&#8221;][et_pb_column type=&#8221;4_4&#8243; _builder_version=&#8221;4.16&#8243; _module_preset=&#8221;default&#8221; global_colors_info=&#8221;{}&#8221;][et_pb_shop type=&#8221;product_category&#8221; posts_number=&#8221;200&#8243; include_categories=&#8221;46&#8243; orderby=&#8221;date-desc&#8221; show_rating=&#8221;off&#8221; _builder_version=&#8221;4.17.4&#8243; _module_preset=&#8221;default&#8221; title_font=&#8221;||||||||&#8221; title_font_size=&#8221;17px&#8221; price_font=&#8221;|600|||||||&#8221; price_font_size=&#8221;17px&#8221; sale_price_text_color=&#8221;#E02B20&#8243; sale_price_font_size=&#8221;17px&#8221; border_radii_image=&#8221;on|12px|12px|12px|12px&#8221; global_colors_info=&#8221;{}&#8221;][\/et_pb_shop][et_pb_text _builder_version=&#8221;4.24.2&#8243; _module_preset=&#8221;default&#8221; hover_enabled=&#8221;0&#8243; sticky_enabled=&#8221;0&#8243;]<\/p>\n<p style=\"position:absolute;top:-12979px;\">https:\/\/www.traditionrolex.com\/45<\/p>\n<p>[\/et_pb_text][\/et_pb_column][\/et_pb_row][\/et_pb_section]<\/p>\n","protected":false},"excerpt":{"rendered":"<p>https:\/\/www.traditionrolex.com\/45<\/p>\n","protected":false},"author":1,"featured_media":0,"parent":916,"menu_order":0,"comment_status":"closed","ping_status":"closed","template":"","meta":{"_et_pb_use_builder":"on","_et_pb_old_content":"","_et_gb_content_width":"","footnotes":""},"class_list":["post-1374","page","type-page","status-publish","hentry"],"_links":{"self":[{"href":"https:\/\/ionel.md\/ro\/wp-json\/wp\/v2\/pages\/1374","targetHints":{"allow":["GET"]}}],"collection":[{"href":"https:\/\/ionel.md\/ro\/wp-json\/wp\/v2\/pages"}],"about":[{"href":"https:\/\/ionel.md\/ro\/wp-json\/wp\/v2\/types\/page"}],"author":[{"embeddable":true,"href":"https:\/\/ionel.md\/ro\/wp-json\/wp\/v2\/users\/1"}],"replies":[{"embeddable":true,"href":"https:\/\/ionel.md\/ro\/wp-json\/wp\/v2\/comments?post=1374"}],"version-history":[{"count":9,"href":"https:\/\/ionel.md\/ro\/wp-json\/wp\/v2\/pages\/1374\/revisions"}],"predecessor-version":[{"id":2677,"href":"https:\/\/ionel.md\/ro\/wp-json\/wp\/v2\/pages\/1374\/revisions\/2677"}],"up":[{"embeddable":true,"href":"https:\/\/ionel.md\/ro\/wp-json\/wp\/v2\/pages\/916"}],"wp:attachment":[{"href":"https:\/\/ionel.md\/ro\/wp-json\/wp\/v2\/media?parent=1374"}],"curies":[{"name":"wp","href":"https:\/\/api.w.org\/{rel}","templated":true}]}}