{"id":1362,"date":"2022-03-13T13:33:04","date_gmt":"2022-03-13T10:33:04","guid":{"rendered":"https:\/\/ionel.md\/%d0%bc%d0%b0%d0%b3%d0%b0%d0%b7%d0%b8%d0%bd\/imbracaminte-exterioara-de-dama\/"},"modified":"2024-11-18T16:23:07","modified_gmt":"2024-11-18T13:23:07","slug":"imbracaminte-exterioara-de-dama","status":"publish","type":"page","link":"https:\/\/ionel.md\/ro\/magazin\/imbracaminte-exterioara-de-dama\/","title":{"rendered":"\u00cembr\u0103c\u0103minte exterioar\u0103 de dam\u0103"},"content":{"rendered":"<p>[et_pb_section fb_built=&#8221;1&#8243; fullwidth=&#8221;on&#8221; _builder_version=&#8221;4.16&#8243; _module_preset=&#8221;default&#8221; custom_padding=&#8221;0px|||||&#8221; global_colors_info=&#8221;{}&#8221;][et_pb_fullwidth_slider show_content_on_mobile=&#8221;off&#8221; _builder_version=&#8221;4.16&#8243; _module_preset=&#8221;default&#8221; min_height=&#8221;526.5px&#8221; custom_margin=&#8221;||2px|||&#8221; custom_padding=&#8221;64px||2px|||&#8221; auto=&#8221;on&#8221; global_colors_info=&#8221;{}&#8221;][et_pb_slide heading=&#8221;\u00cembr\u0103c\u0103minte exterioar\u0103 de dam\u0103&#8221; use_bg_overlay=&#8221;on&#8221; _builder_version=&#8221;4.16&#8243; _module_preset=&#8221;default&#8221; background_image=&#8221;https:\/\/ionel.md\/wp-content\/uploads\/2022\/03\/Ionel.jpg&#8221; background_enable_image=&#8221;on&#8221; global_colors_info=&#8221;{}&#8221; sticky_transition=&#8221;on&#8221;][\/et_pb_slide][\/et_pb_fullwidth_slider][\/et_pb_section][et_pb_section fb_built=&#8221;1&#8243; _builder_version=&#8221;4.16&#8243; _module_preset=&#8221;default&#8221; global_colors_info=&#8221;{}&#8221;][et_pb_row _builder_version=&#8221;4.16&#8243; _module_preset=&#8221;default&#8221; global_colors_info=&#8221;{}&#8221;][et_pb_column type=&#8221;4_4&#8243; _builder_version=&#8221;4.16&#8243; _module_preset=&#8221;default&#8221; global_colors_info=&#8221;{}&#8221;][et_pb_shop type=&#8221;product_category&#8221; posts_number=&#8221;200&#8243; include_categories=&#8221;42&#8243; sale_badge_color=&#8221;#E02B20&#8243; show_rating=&#8221;off&#8221; _builder_version=&#8221;4.27.3&#8243; _module_preset=&#8221;default&#8221; title_font_size=&#8221;17px&#8221; price_font=&#8221;|600|||||||&#8221; price_font_size=&#8221;17px&#8221; sale_price_text_color=&#8221;#E02B20&#8243; sale_price_font_size=&#8221;18px&#8221; hover_enabled=&#8221;0&#8243; border_radii_image=&#8221;on|12px|12px|12px|12px&#8221; global_colors_info=&#8221;{}&#8221; orderby=&#8221;date-desc&#8221; sticky_enabled=&#8221;0&#8243;][\/et_pb_shop][\/et_pb_column][\/et_pb_row][\/et_pb_section][et_pb_section fb_built=&#8221;1&#8243; fullwidth=&#8221;on&#8221; _builder_version=&#8221;4.16&#8243; _module_preset=&#8221;default&#8221; global_colors_info=&#8221;{}&#8221;][\/et_pb_section]<\/p>\n","protected":false},"excerpt":{"rendered":"","protected":false},"author":1,"featured_media":0,"parent":916,"menu_order":0,"comment_status":"closed","ping_status":"closed","template":"","meta":{"_et_pb_use_builder":"on","_et_pb_old_content":"","_et_gb_content_width":"","footnotes":""},"class_list":["post-1362","page","type-page","status-publish","hentry"],"_links":{"self":[{"href":"https:\/\/ionel.md\/ro\/wp-json\/wp\/v2\/pages\/1362","targetHints":{"allow":["GET"]}}],"collection":[{"href":"https:\/\/ionel.md\/ro\/wp-json\/wp\/v2\/pages"}],"about":[{"href":"https:\/\/ionel.md\/ro\/wp-json\/wp\/v2\/types\/page"}],"author":[{"embeddable":true,"href":"https:\/\/ionel.md\/ro\/wp-json\/wp\/v2\/users\/1"}],"replies":[{"embeddable":true,"href":"https:\/\/ionel.md\/ro\/wp-json\/wp\/v2\/comments?post=1362"}],"version-history":[{"count":5,"href":"https:\/\/ionel.md\/ro\/wp-json\/wp\/v2\/pages\/1362\/revisions"}],"predecessor-version":[{"id":3343,"href":"https:\/\/ionel.md\/ro\/wp-json\/wp\/v2\/pages\/1362\/revisions\/3343"}],"up":[{"embeddable":true,"href":"https:\/\/ionel.md\/ro\/wp-json\/wp\/v2\/pages\/916"}],"wp:attachment":[{"href":"https:\/\/ionel.md\/ro\/wp-json\/wp\/v2\/media?parent=1362"}],"curies":[{"name":"wp","href":"https:\/\/api.w.org\/{rel}","templated":true}]}}